{"id":1281,"date":"2023-01-16T14:44:34","date_gmt":"2023-01-16T14:44:34","guid":{"rendered":"http:\/\/wptf.themepul.co\/calfin\/?page_id=1281"},"modified":"2026-04-19T02:35:03","modified_gmt":"2026-04-19T02:35:03","slug":"auditoria-contable","status":"publish","type":"page","link":"https:\/\/consultingcya.com.ar\/en\/servicios\/auditoria-contable\/","title":{"rendered":"Accounting, Financial &amp; Corporate Audits | C&amp;A Integral Consulting"},"content":{"rendered":"<div data-elementor-type=\"wp-page\" data-elementor-id=\"1281\" class=\"elementor elementor-1281\">\n\t\t\t\t\t\t<section class=\"elementor-section elementor-top-section elementor-element elementor-element-49fa5ec elementor-section-boxed elementor-section-height-default elementor-section-height-default\" data-id=\"49fa5ec\" data-element_type=\"section\">\n\t\t\t\t\t\t<div class=\"elementor-container elementor-column-gap-no\">\n\t\t\t\t\t<div class=\"elementor-column elementor-col-50 elementor-top-column elementor-element elementor-element-e20837d\" data-id=\"e20837d\" data-element_type=\"column\">\n\t\t\t<div class=\"elementor-widget-wrap elementor-element-populated\">\n\t\t\t\t\t\t<div class=\"elementor-element elementor-element-c9da785 elementor-widget elementor-widget-calfin_menu_list\" data-id=\"c9da785\" data-element_type=\"widget\" data-widget_type=\"calfin_menu_list.default\">\n\t\t\t\t<div class=\"elementor-widget-container\">\n\t\t\t\t\t        <div class=\"calfin-menu-list-wrapper\">\r\n            <div class=\"widget widget_nav_menu\">\r\n            <ul id=\"menu-services-menu\" class=\"elementor-nav-menu menu\"><li id=\"menu-item-1297\" class=\"menu-item menu-item-type-post_type menu-item-object-page menu-item-1297\"><a href=\"https:\/\/consultingcya.com.ar\/en\/servicios\/auditoria-contable\/\">Accounting, Financial &amp; Corporate Audits | C&amp;A Integral Consulting<\/a><\/li>\n<li id=\"menu-item-2277\" class=\"menu-item menu-item-type-post_type menu-item-object-page menu-item-2277\"><a href=\"https:\/\/consultingcya.com.ar\/en\/auditoria-forense-y-resolucion-de-disputas\/\">Auditor\u00eda Forense &#038; Investigaciones | C&#038;A Integral Consulting<\/a><\/li>\n<li id=\"menu-item-2275\" class=\"menu-item menu-item-type-post_type menu-item-object-page menu-item-2275\"><a href=\"https:\/\/consultingcya.com.ar\/en\/gestion-de-riesgos-y-compliance\/\">Compliance, Risk &amp; AML\/CFT International | C&amp;A Integral Consulting<\/a><\/li>\n<li id=\"menu-item-2274\" class=\"menu-item menu-item-type-post_type menu-item-object-page menu-item-2274\"><a href=\"https:\/\/consultingcya.com.ar\/en\/consultoria-fiscal-y-tributaria\/\">Consultor\u00eda Fiscal y Tributaria<\/a><\/li>\n<li id=\"menu-item-2273\" class=\"menu-item menu-item-type-post_type menu-item-object-page menu-item-2273\"><a href=\"https:\/\/consultingcya.com.ar\/en\/consultoria-y-estrategia-empresarial\/\">Business Consulting and Strategy<\/a><\/li>\n<li id=\"menu-item-2272\" class=\"menu-item menu-item-type-post_type menu-item-object-page menu-item-2272\"><a href=\"https:\/\/consultingcya.com.ar\/en\/recursos-humanos-y-gestion-del-talento\/\">Human Resources and Talent Management<\/a><\/li>\n<li id=\"menu-item-2276\" class=\"menu-item menu-item-type-post_type menu-item-object-page menu-item-2276\"><a href=\"https:\/\/consultingcya.com.ar\/en\/servicios-para-empresas-mineras\/\">Compliance &amp; Advisory Mining Latam | C&amp;A Integral Consulting<\/a><\/li>\n<\/ul>            <\/div>\r\n        <\/div>\r\n        \t\t\t\t<\/div>\n\t\t\t\t<\/div>\n\t\t\t\t\t<\/div>\n\t\t<\/div>\n\t\t\t\t<div class=\"elementor-column elementor-col-50 elementor-top-column elementor-element elementor-element-5fbcfb3\" data-id=\"5fbcfb3\" data-element_type=\"column\">\n\t\t\t<div class=\"elementor-widget-wrap elementor-element-populated\">\n\t\t\t\t\t\t<div class=\"elementor-element elementor-element-5af8157 elementor-widget elementor-widget-heading\" data-id=\"5af8157\" data-element_type=\"widget\" data-widget_type=\"heading.default\">\n\t\t\t\t<div class=\"elementor-widget-container\">\n\t\t\t\t\t<h2 class=\"elementor-heading-title elementor-size-default\">Auditing and Accounting Consulting<\/h2>\t\t\t\t<\/div>\n\t\t\t\t<\/div>\n\t\t\t\t<div class=\"elementor-element elementor-element-834e6dc elementor-widget elementor-widget-text-editor\" data-id=\"834e6dc\" data-element_type=\"widget\" data-widget_type=\"text-editor.default\">\n\t\t\t\t<div class=\"elementor-widget-container\">\n\t\t\t\t\t\t\t\t\t<p>En Integral Consulting C&amp;A, proporcionamos servicios de auditor\u00eda que cumplen con<br \/>las normativas internacionales y locales, asegurando que nuestros clientes operen dentro del marco legal y que sus estados financieros sean transparentes y confiables.<\/p><ul><li><br \/><strong>Auditor\u00eda de Estados Financieros bajo NIIF y RT<\/strong><br \/>Realizamos auditor\u00edas de estados financieros para garantizar el cumplimiento con las Normas Internacionales de Informaci\u00f3n Financiera (NIIF) y las Resoluciones T\u00e9cnicas (RT) vigentes en Argentina. Nuestro enfoque asegura que los estados financieros sean consistentes, comparables y ajustados a las normativas globales y locales.<\/li><\/ul><p>\u00a0<\/p><ul><li><strong>Auditor\u00eda Interna y Cumplimiento bajo NIA y RT<\/strong><br \/>Evaluamos la eficiencia y efectividad de los controles internos bajo las Normas<br \/>Internacionales de Auditor\u00eda (NIA) y las RT aplicables, asegurando que las empresas mantengan sistemas de control robustos y cumplan con los requisitos regulatorios locales.<\/li><\/ul><p>\u00a0<\/p><ul><li><strong>Auditor\u00eda de Cumplimiento Fiscal (RT 37)<\/strong><br \/>Aseguramos que las empresas cumplan con las normativas fiscales argentinas bajo la RT 37, la cual regula las auditor\u00edas fiscales en el pa\u00eds, garantizando el cumplimiento de las obligaciones impositivas y normativas.<\/li><\/ul>\t\t\t\t\t\t\t\t<\/div>\n\t\t\t\t<\/div>\n\t\t\t\t\t<\/div>\n\t\t<\/div>\n\t\t\t\t\t<\/div>\n\t\t<\/section>\n\t\t\t\t<\/div>","protected":false},"excerpt":{"rendered":"<p>Auditor\u00eda Contable, Financiera &#038; Corporativa | C&#038;A Integral Consulting Auditor\u00eda Forense &#038; Investigaciones | C&#038;A Integral Consulting Compliance, Riesgos &#038; PLA\/FT Internacional | C&#038;A Integral Consulting Consultor\u00eda Fiscal y Tributaria Consultor\u00eda y Estrategia Empresarial Recursos Humanos y Gesti\u00f3n del Talento Compliance &#038; Advisory Miner\u00eda Latam | C&#038;A Integral Consulting Auditor\u00eda y Asesor\u00eda Contable En Integral [&hellip;]<\/p>\n","protected":false},"author":1,"featured_media":0,"parent":503,"menu_order":0,"comment_status":"closed","ping_status":"closed","template":"blank-template.php","meta":{"_monsterinsights_skip_tracking":false,"_monsterinsights_sitenote_active":false,"_monsterinsights_sitenote_note":"","_monsterinsights_sitenote_category":0,"footnotes":""},"class_list":["post-1281","page","type-page","status-publish","hentry"],"aioseo_notices":[],"_links":{"self":[{"href":"https:\/\/consultingcya.com.ar\/en\/wp-json\/wp\/v2\/pages\/1281","targetHints":{"allow":["GET"]}}],"collection":[{"href":"https:\/\/consultingcya.com.ar\/en\/wp-json\/wp\/v2\/pages"}],"about":[{"href":"https:\/\/consultingcya.com.ar\/en\/wp-json\/wp\/v2\/types\/page"}],"author":[{"embeddable":true,"href":"https:\/\/consultingcya.com.ar\/en\/wp-json\/wp\/v2\/users\/1"}],"replies":[{"embeddable":true,"href":"https:\/\/consultingcya.com.ar\/en\/wp-json\/wp\/v2\/comments?post=1281"}],"version-history":[{"count":13,"href":"https:\/\/consultingcya.com.ar\/en\/wp-json\/wp\/v2\/pages\/1281\/revisions"}],"predecessor-version":[{"id":2700,"href":"https:\/\/consultingcya.com.ar\/en\/wp-json\/wp\/v2\/pages\/1281\/revisions\/2700"}],"up":[{"embeddable":true,"href":"https:\/\/consultingcya.com.ar\/en\/wp-json\/wp\/v2\/pages\/503"}],"wp:attachment":[{"href":"https:\/\/consultingcya.com.ar\/en\/wp-json\/wp\/v2\/media?parent=1281"}],"curies":[{"name":"wp","href":"https:\/\/api.w.org\/{rel}","templated":true}]}}