{"id":2241,"date":"2024-11-22T17:18:25","date_gmt":"2024-11-22T17:18:25","guid":{"rendered":"https:\/\/consultingcya.com.ar\/?page_id=2241"},"modified":"2026-04-19T02:38:36","modified_gmt":"2026-04-19T02:38:36","slug":"consultoria-y-estrategia-empresarial","status":"publish","type":"page","link":"https:\/\/consultingcya.com.ar\/en\/consultoria-y-estrategia-empresarial\/","title":{"rendered":"Business Consulting and Strategy"},"content":{"rendered":"<div data-elementor-type=\"wp-page\" data-elementor-id=\"2241\" class=\"elementor elementor-2241\">\n\t\t\t\t\t\t<section class=\"elementor-section elementor-top-section elementor-element elementor-element-1692ece elementor-section-boxed elementor-section-height-default elementor-section-height-default\" data-id=\"1692ece\" data-element_type=\"section\">\n\t\t\t\t\t\t<div class=\"elementor-container elementor-column-gap-no\">\n\t\t\t\t\t<div class=\"elementor-column elementor-col-50 elementor-top-column elementor-element elementor-element-97f6498\" data-id=\"97f6498\" data-element_type=\"column\">\n\t\t\t<div class=\"elementor-widget-wrap elementor-element-populated\">\n\t\t\t\t\t\t<div class=\"elementor-element elementor-element-16bcf72 elementor-widget elementor-widget-calfin_menu_list\" data-id=\"16bcf72\" data-element_type=\"widget\" data-widget_type=\"calfin_menu_list.default\">\n\t\t\t\t<div class=\"elementor-widget-container\">\n\t\t\t\t\t        <div class=\"calfin-menu-list-wrapper\">\r\n            <div class=\"widget widget_nav_menu\">\r\n            <ul id=\"menu-services-menu\" class=\"elementor-nav-menu menu\"><li id=\"menu-item-1297\" class=\"menu-item menu-item-type-post_type menu-item-object-page menu-item-1297\"><a href=\"https:\/\/consultingcya.com.ar\/en\/servicios\/auditoria-contable\/\">Accounting, Financial &amp; Corporate Audits | C&amp;A Integral Consulting<\/a><\/li>\n<li id=\"menu-item-2277\" class=\"menu-item menu-item-type-post_type menu-item-object-page menu-item-2277\"><a href=\"https:\/\/consultingcya.com.ar\/en\/auditoria-forense-y-resolucion-de-disputas\/\">Auditor\u00eda Forense &#038; Investigaciones | C&#038;A Integral Consulting<\/a><\/li>\n<li id=\"menu-item-2275\" class=\"menu-item menu-item-type-post_type menu-item-object-page menu-item-2275\"><a href=\"https:\/\/consultingcya.com.ar\/en\/gestion-de-riesgos-y-compliance\/\">Compliance, Risk &amp; AML\/CFT International | C&amp;A Integral Consulting<\/a><\/li>\n<li id=\"menu-item-2274\" class=\"menu-item menu-item-type-post_type menu-item-object-page menu-item-2274\"><a href=\"https:\/\/consultingcya.com.ar\/en\/consultoria-fiscal-y-tributaria\/\">Consultor\u00eda Fiscal y Tributaria<\/a><\/li>\n<li id=\"menu-item-2273\" class=\"menu-item menu-item-type-post_type menu-item-object-page menu-item-2273\"><a href=\"https:\/\/consultingcya.com.ar\/en\/consultoria-y-estrategia-empresarial\/\">Business Consulting and Strategy<\/a><\/li>\n<li id=\"menu-item-2272\" class=\"menu-item menu-item-type-post_type menu-item-object-page menu-item-2272\"><a href=\"https:\/\/consultingcya.com.ar\/en\/recursos-humanos-y-gestion-del-talento\/\">Human Resources and Talent Management<\/a><\/li>\n<li id=\"menu-item-2276\" class=\"menu-item menu-item-type-post_type menu-item-object-page menu-item-2276\"><a href=\"https:\/\/consultingcya.com.ar\/en\/servicios-para-empresas-mineras\/\">Compliance &amp; Advisory Mining Latam | C&amp;A Integral Consulting<\/a><\/li>\n<\/ul>            <\/div>\r\n        <\/div>\r\n        \t\t\t\t<\/div>\n\t\t\t\t<\/div>\n\t\t\t\t\t<\/div>\n\t\t<\/div>\n\t\t\t\t<div class=\"elementor-column elementor-col-50 elementor-top-column elementor-element elementor-element-e5857ba\" data-id=\"e5857ba\" data-element_type=\"column\">\n\t\t\t<div class=\"elementor-widget-wrap elementor-element-populated\">\n\t\t\t\t\t\t<div class=\"elementor-element elementor-element-c772660 elementor-widget elementor-widget-heading\" data-id=\"c772660\" data-element_type=\"widget\" data-widget_type=\"heading.default\">\n\t\t\t\t<div class=\"elementor-widget-container\">\n\t\t\t\t\t<h2 class=\"elementor-heading-title elementor-size-default\">Business Consulting and Strategy<\/h2>\t\t\t\t<\/div>\n\t\t\t\t<\/div>\n\t\t\t\t<div class=\"elementor-element elementor-element-4d1492d elementor-widget elementor-widget-text-editor\" data-id=\"4d1492d\" data-element_type=\"widget\" data-widget_type=\"text-editor.default\">\n\t\t\t\t<div class=\"elementor-widget-container\">\n\t\t\t\t\t\t\t\t\t<p>Nuestros servicios de consultor\u00eda estrat\u00e9gica ayudan a las empresas a desarrollar planes<br \/>s\u00f3lidos para impulsar su crecimiento y mejorar su competitividad. Implementamos<br \/>enfoques que maximizan la eficiencia operativa y minimizan riesgos, siempre<br \/>respetando las normativas vigentes.<\/p>\t\t\t\t\t\t\t\t<\/div>\n\t\t\t\t<\/div>\n\t\t\t\t<div class=\"elementor-element elementor-element-919dd7d elementor-widget elementor-widget-calfin_services_v2\" data-id=\"919dd7d\" data-element_type=\"widget\" data-widget_type=\"calfin_services_v2.default\">\n\t\t\t\t<div class=\"elementor-widget-container\">\n\t\t\t\t\t        <div class=\"service-two-wrapper\">\n            <div class=\"container\">\n                <div class=\"row justify-content-center\">\n                                <div class=\"col-xl-12 col-lg-6 col-md-12 col-12\">\n                            <div class=\"box-inner inner-box-two\">\n                                <div class=\"service-v2\">\n\t\t\t\t\t\t\t\t\t\t<div class=\"service-two-i\">\n\t\t\t\t\t\t\t\t\t<i aria-hidden=\"true\" class=\"bi bi-check2\"><\/i>\t\t\t\t\t\t\t\t\t<\/div>\n                                <\/div>\n                                <div class=\"text-area text-area-v2\">\n                                    <div class=\"iconbox-title\">\n                                        <h2 class=\"services-title\"> \n\t\t\t\t\t\t\t\t\t\t\t                                            <a href=\"\"  target=\"_blank\" rel=\"nofollow\">                                            Planeaci\u00f3n Estrat\u00e9gica                                            <\/a>                                        <\/h2>\n                                    <\/div> \n                                    <div class=\"services-txt service-des-v2\">\n                                        <p>Ayudamos a las empresas a desarrollar planes estrat\u00e9gicos a corto, mediano y largo<br \/>plazo, alineados con sus objetivos de crecimiento y conforme a las normativas fiscales y contables aplicables.<\/p>                                    <\/div>    \n                                <\/div>\n                            <\/div>\n                        \n                    <\/div>\n                                    <div class=\"col-xl-12 col-lg-6 col-md-12 col-12\">\n                            <div class=\"box-inner inner-box-two\">\n                                <div class=\"service-v2\">\n\t\t\t\t\t\t\t\t\t\t<div class=\"service-two-i\">\n\t\t\t\t\t\t\t\t\t<i aria-hidden=\"true\" class=\"bi bi-check2\"><\/i>\t\t\t\t\t\t\t\t\t<\/div>\n                                <\/div>\n                                <div class=\"text-area text-area-v2\">\n                                    <div class=\"iconbox-title\">\n                                        <h2 class=\"services-title\"> \n\t\t\t\t\t\t\t\t\t\t\t                                            <a href=\"\"  target=\"_blank\" rel=\"nofollow\">                                            Reestructuraci\u00f3n Empresarial                                            <\/a>                                        <\/h2>\n                                    <\/div> \n                                    <div class=\"services-txt service-des-v2\">\n                                        <p>Asistimos en procesos de reestructuraci\u00f3n empresarial, optimizando las operaciones y<br \/>asegurando la rentabilidad y sostenibilidad de las empresas.<\/p>                                    <\/div>    \n                                <\/div>\n                            <\/div>\n                        \n                    <\/div>\n                                    <div class=\"col-xl-12 col-lg-6 col-md-12 col-12\">\n                            <div class=\"box-inner inner-box-two\">\n                                <div class=\"service-v2\">\n\t\t\t\t\t\t\t\t\t\t<div class=\"service-two-i\">\n\t\t\t\t\t\t\t\t\t<i aria-hidden=\"true\" class=\"bi bi-check2\"><\/i>\t\t\t\t\t\t\t\t\t<\/div>\n                                <\/div>\n                                <div class=\"text-area text-area-v2\">\n                                    <div class=\"iconbox-title\">\n                                        <h2 class=\"services-title\"> \n\t\t\t\t\t\t\t\t\t\t\t                                            <a href=\"\"  target=\"_blank\" rel=\"nofollow\">                                            Optimizaci\u00f3n de Procesos                                            <\/a>                                        <\/h2>\n                                    <\/div> \n                                    <div class=\"services-txt service-des-v2\">\n                                        <p>Analizamos y optimizamos los procesos internos de las empresas, asegurando que se<br \/>cumplan con los est\u00e1ndares de eficiencia operativa y control interno establecidos bajo<br \/>las normativas locales e internacionales.<\/p>                                    <\/div>    \n                                <\/div>\n                            <\/div>\n                        \n                    <\/div>\n                                    <\/div>\n            <\/div>\n        <\/div>\n        \t\t\t\t<\/div>\n\t\t\t\t<\/div>\n\t\t\t\t\t<\/div>\n\t\t<\/div>\n\t\t\t\t\t<\/div>\n\t\t<\/section>\n\t\t\t\t<\/div>","protected":false},"excerpt":{"rendered":"<p>Auditor\u00eda Contable, Financiera &#038; Corporativa | C&#038;A Integral Consulting Auditor\u00eda Forense &#038; Investigaciones | C&#038;A Integral Consulting Compliance, Riesgos &#038; PLA\/FT Internacional | C&#038;A Integral Consulting Consultor\u00eda Fiscal y Tributaria Consultor\u00eda y Estrategia Empresarial Recursos Humanos y Gesti\u00f3n del Talento Compliance &#038; Advisory Miner\u00eda Latam | C&#038;A Integral Consulting Consultor\u00eda y Estrategia Empresarial Nuestros servicios [&hellip;]<\/p>\n","protected":false},"author":1,"featured_media":0,"parent":0,"menu_order":0,"comment_status":"closed","ping_status":"closed","template":"blank-template.php","meta":{"_monsterinsights_skip_tracking":false,"_monsterinsights_sitenote_active":false,"_monsterinsights_sitenote_note":"","_monsterinsights_sitenote_category":0,"footnotes":""},"class_list":["post-2241","page","type-page","status-publish","hentry"],"aioseo_notices":[],"_links":{"self":[{"href":"https:\/\/consultingcya.com.ar\/en\/wp-json\/wp\/v2\/pages\/2241","targetHints":{"allow":["GET"]}}],"collection":[{"href":"https:\/\/consultingcya.com.ar\/en\/wp-json\/wp\/v2\/pages"}],"about":[{"href":"https:\/\/consultingcya.com.ar\/en\/wp-json\/wp\/v2\/types\/page"}],"author":[{"embeddable":true,"href":"https:\/\/consultingcya.com.ar\/en\/wp-json\/wp\/v2\/users\/1"}],"replies":[{"embeddable":true,"href":"https:\/\/consultingcya.com.ar\/en\/wp-json\/wp\/v2\/comments?post=2241"}],"version-history":[{"count":8,"href":"https:\/\/consultingcya.com.ar\/en\/wp-json\/wp\/v2\/pages\/2241\/revisions"}],"predecessor-version":[{"id":2712,"href":"https:\/\/consultingcya.com.ar\/en\/wp-json\/wp\/v2\/pages\/2241\/revisions\/2712"}],"wp:attachment":[{"href":"https:\/\/consultingcya.com.ar\/en\/wp-json\/wp\/v2\/media?parent=2241"}],"curies":[{"name":"wp","href":"https:\/\/api.w.org\/{rel}","templated":true}]}}