{"id":2165,"date":"2024-11-15T21:40:45","date_gmt":"2024-11-15T21:40:45","guid":{"rendered":"https:\/\/consultingcya.com.ar\/?page_id=2165"},"modified":"2026-04-19T02:35:28","modified_gmt":"2026-04-19T02:35:28","slug":"auditoria-forense-y-resolucion-de-disputas","status":"publish","type":"page","link":"https:\/\/consultingcya.com.ar\/pt\/auditoria-forense-y-resolucion-de-disputas\/","title":{"rendered":"Auditor\u00eda Forense &#038; Investigaciones | C&#038;A Integral Consulting"},"content":{"rendered":"<div data-elementor-type=\"wp-page\" data-elementor-id=\"2165\" class=\"elementor elementor-2165\">\n\t\t\t\t\t\t<section class=\"elementor-section elementor-top-section elementor-element elementor-element-1692ece elementor-section-boxed elementor-section-height-default elementor-section-height-default\" data-id=\"1692ece\" data-element_type=\"section\">\n\t\t\t\t\t\t<div class=\"elementor-container elementor-column-gap-no\">\n\t\t\t\t\t<div class=\"elementor-column elementor-col-50 elementor-top-column elementor-element elementor-element-97f6498\" data-id=\"97f6498\" data-element_type=\"column\">\n\t\t\t<div class=\"elementor-widget-wrap elementor-element-populated\">\n\t\t\t\t\t\t<div class=\"elementor-element elementor-element-16bcf72 elementor-widget elementor-widget-calfin_menu_list\" data-id=\"16bcf72\" data-element_type=\"widget\" data-widget_type=\"calfin_menu_list.default\">\n\t\t\t\t<div class=\"elementor-widget-container\">\n\t\t\t\t\t        <div class=\"calfin-menu-list-wrapper\">\r\n            <div class=\"widget widget_nav_menu\">\r\n            <ul id=\"menu-services-menu\" class=\"elementor-nav-menu menu\"><li id=\"menu-item-1297\" class=\"menu-item menu-item-type-post_type menu-item-object-page menu-item-1297\"><a href=\"https:\/\/consultingcya.com.ar\/pt\/servicios\/auditoria-contable\/\">Auditorias Cont\u00e1beis, Financeiras e Corporativas | C&amp;A Integral Consulting<\/a><\/li>\n<li id=\"menu-item-2277\" class=\"menu-item menu-item-type-post_type menu-item-object-page menu-item-2277\"><a href=\"https:\/\/consultingcya.com.ar\/pt\/auditoria-forense-y-resolucion-de-disputas\/\">Auditor\u00eda Forense &#038; Investigaciones | C&#038;A Integral Consulting<\/a><\/li>\n<li id=\"menu-item-2275\" class=\"menu-item menu-item-type-post_type menu-item-object-page menu-item-2275\"><a href=\"https:\/\/consultingcya.com.ar\/pt\/gestion-de-riesgos-y-compliance\/\">Conformidade, Risco e AML\/CFT Internacional | C&amp;A Integral Consulting<\/a><\/li>\n<li id=\"menu-item-2274\" class=\"menu-item menu-item-type-post_type menu-item-object-page menu-item-2274\"><a href=\"https:\/\/consultingcya.com.ar\/pt\/consultoria-fiscal-y-tributaria\/\">Consultor\u00eda Fiscal y Tributaria<\/a><\/li>\n<li id=\"menu-item-2273\" class=\"menu-item menu-item-type-post_type menu-item-object-page menu-item-2273\"><a href=\"https:\/\/consultingcya.com.ar\/pt\/consultoria-y-estrategia-empresarial\/\">Consultoria e Estrat\u00e9gia Empresarial<\/a><\/li>\n<li id=\"menu-item-2272\" class=\"menu-item menu-item-type-post_type menu-item-object-page menu-item-2272\"><a href=\"https:\/\/consultingcya.com.ar\/pt\/recursos-humanos-y-gestion-del-talento\/\">Recursos Humanos e Gest\u00e3o de Talentos<\/a><\/li>\n<li id=\"menu-item-2276\" class=\"menu-item menu-item-type-post_type menu-item-object-page menu-item-2276\"><a href=\"https:\/\/consultingcya.com.ar\/pt\/servicios-para-empresas-mineras\/\">Consultoria e Conformidade para Minera\u00e7\u00e3o na Am\u00e9rica Latina | C&amp;A Integral Consulting<\/a><\/li>\n<\/ul>            <\/div>\r\n        <\/div>\r\n        \t\t\t\t<\/div>\n\t\t\t\t<\/div>\n\t\t\t\t\t<\/div>\n\t\t<\/div>\n\t\t\t\t<div class=\"elementor-column elementor-col-50 elementor-top-column elementor-element elementor-element-e5857ba\" data-id=\"e5857ba\" data-element_type=\"column\">\n\t\t\t<div class=\"elementor-widget-wrap elementor-element-populated\">\n\t\t\t\t\t\t<div class=\"elementor-element elementor-element-c772660 elementor-widget elementor-widget-heading\" data-id=\"c772660\" data-element_type=\"widget\" data-widget_type=\"heading.default\">\n\t\t\t\t<div class=\"elementor-widget-container\">\n\t\t\t\t\t<h2 class=\"elementor-heading-title elementor-size-default\">Auditoria Forense e Resolu\u00e7\u00e3o de Conflitos<\/h2>\t\t\t\t<\/div>\n\t\t\t\t<\/div>\n\t\t\t\t<div class=\"elementor-element elementor-element-4d1492d elementor-widget elementor-widget-text-editor\" data-id=\"4d1492d\" data-element_type=\"widget\" data-widget_type=\"text-editor.default\">\n\t\t\t\t<div class=\"elementor-widget-container\">\n\t\t\t\t\t\t\t\t\t<p>Nuestros servicios de auditor\u00eda forense est\u00e1n dise\u00f1ados para investigar fraudes y ayudar<br \/>en la resoluci\u00f3n de disputas financieras. Contamos con un equipo especializado que<br \/>utiliza t\u00e9cnicas avanzadas y sigue las normativas aplicables en cada jurisdicci\u00f3n.<\/p>\t\t\t\t\t\t\t\t<\/div>\n\t\t\t\t<\/div>\n\t\t\t\t<div class=\"elementor-element elementor-element-919dd7d elementor-widget elementor-widget-calfin_services_v2\" data-id=\"919dd7d\" data-element_type=\"widget\" data-widget_type=\"calfin_services_v2.default\">\n\t\t\t\t<div class=\"elementor-widget-container\">\n\t\t\t\t\t        <div class=\"service-two-wrapper\">\n            <div class=\"container\">\n                <div class=\"row justify-content-center\">\n                                <div class=\"col-xl-12 col-lg-6 col-md-12 col-12\">\n                            <div class=\"box-inner inner-box-two\">\n                                <div class=\"service-v2\">\n\t\t\t\t\t\t\t\t\t\t<div class=\"service-two-i\">\n\t\t\t\t\t\t\t\t\t<i aria-hidden=\"true\" class=\"bi bi-check2\"><\/i>\t\t\t\t\t\t\t\t\t<\/div>\n                                <\/div>\n                                <div class=\"text-area text-area-v2\">\n                                    <div class=\"iconbox-title\">\n                                        <h2 class=\"services-title\"> \n\t\t\t\t\t\t\t\t\t\t\t                                            <a href=\"\"  target=\"_blank\" rel=\"nofollow\">                                            Investigaci\u00f3n de Fraudes                                            <\/a>                                        <\/h2>\n                                    <\/div> \n                                    <div class=\"services-txt service-des-v2\">\n                                        <p>Realizamos auditor\u00edas forenses exhaustivas para identificar y prevenir fraudes,<br \/>aplicando t\u00e9cnicas avanzadas de an\u00e1lisis financiero y siguiendo las normativas<br \/>internacionales de auditor\u00eda forense.<\/p>                                    <\/div>    \n                                <\/div>\n                            <\/div>\n                        \n                    <\/div>\n                                    <div class=\"col-xl-12 col-lg-6 col-md-12 col-12\">\n                            <div class=\"box-inner inner-box-two\">\n                                <div class=\"service-v2\">\n\t\t\t\t\t\t\t\t\t\t<div class=\"service-two-i\">\n\t\t\t\t\t\t\t\t\t<i aria-hidden=\"true\" class=\"bi bi-check2\"><\/i>\t\t\t\t\t\t\t\t\t<\/div>\n                                <\/div>\n                                <div class=\"text-area text-area-v2\">\n                                    <div class=\"iconbox-title\">\n                                        <h2 class=\"services-title\"> \n\t\t\t\t\t\t\t\t\t\t\t                                            <a href=\"\"  target=\"_blank\" rel=\"nofollow\">                                            Resoluci\u00f3n de Disputas                                            <\/a>                                        <\/h2>\n                                    <\/div> \n                                    <div class=\"services-txt service-des-v2\">\n                                        <p>Ofrecemos servicios de resoluci\u00f3n de disputas en el \u00e1mbito financiero, asegurando una mediaci\u00f3n eficaz y conforme a las regulaciones vigentes.<\/p>                                    <\/div>    \n                                <\/div>\n                            <\/div>\n                        \n                    <\/div>\n                                    <\/div>\n            <\/div>\n        <\/div>\n        \t\t\t\t<\/div>\n\t\t\t\t<\/div>\n\t\t\t\t\t<\/div>\n\t\t<\/div>\n\t\t\t\t\t<\/div>\n\t\t<\/section>\n\t\t<div class=\"elementor-element elementor-element-4507b40 e-flex e-con-boxed e-con e-parent\" data-id=\"4507b40\" data-element_type=\"container\">\n\t\t\t\t\t<div class=\"e-con-inner\">\n\t\t\t\t<div class=\"elementor-element elementor-element-97a16b5 elementor-widget elementor-widget-spacer\" data-id=\"97a16b5\" data-element_type=\"widget\" data-widget_type=\"spacer.default\">\n\t\t\t\t<div class=\"elementor-widget-container\">\n\t\t\t\t\t\t\t<div class=\"elementor-spacer\">\n\t\t\t<div class=\"elementor-spacer-inner\"><\/div>\n\t\t<\/div>\n\t\t\t\t\t\t<\/div>\n\t\t\t\t<\/div>\n\t\t\t\t\t<\/div>\n\t\t\t\t<\/div>\n\t\t\t\t<\/div>","protected":false},"excerpt":{"rendered":"<p>Auditor\u00eda Contable, Financiera &#038; Corporativa | C&#038;A Integral Consulting Auditor\u00eda Forense &#038; Investigaciones | C&#038;A Integral Consulting Compliance, Riesgos &#038; PLA\/FT Internacional | C&#038;A Integral Consulting Consultor\u00eda Fiscal y Tributaria Consultor\u00eda y Estrategia Empresarial Recursos Humanos y Gesti\u00f3n del Talento Compliance &#038; Advisory Miner\u00eda Latam | C&#038;A Integral Consulting Auditor\u00eda Forense y Resoluci\u00f3n de Disputas [&hellip;]<\/p>\n","protected":false},"author":1,"featured_media":0,"parent":0,"menu_order":0,"comment_status":"closed","ping_status":"closed","template":"blank-template.php","meta":{"_monsterinsights_skip_tracking":false,"_monsterinsights_sitenote_active":false,"_monsterinsights_sitenote_note":"","_monsterinsights_sitenote_category":0,"footnotes":""},"class_list":["post-2165","page","type-page","status-publish","hentry"],"aioseo_notices":[],"_links":{"self":[{"href":"https:\/\/consultingcya.com.ar\/pt\/wp-json\/wp\/v2\/pages\/2165","targetHints":{"allow":["GET"]}}],"collection":[{"href":"https:\/\/consultingcya.com.ar\/pt\/wp-json\/wp\/v2\/pages"}],"about":[{"href":"https:\/\/consultingcya.com.ar\/pt\/wp-json\/wp\/v2\/types\/page"}],"author":[{"embeddable":true,"href":"https:\/\/consultingcya.com.ar\/pt\/wp-json\/wp\/v2\/users\/1"}],"replies":[{"embeddable":true,"href":"https:\/\/consultingcya.com.ar\/pt\/wp-json\/wp\/v2\/comments?post=2165"}],"version-history":[{"count":12,"href":"https:\/\/consultingcya.com.ar\/pt\/wp-json\/wp\/v2\/pages\/2165\/revisions"}],"predecessor-version":[{"id":2703,"href":"https:\/\/consultingcya.com.ar\/pt\/wp-json\/wp\/v2\/pages\/2165\/revisions\/2703"}],"wp:attachment":[{"href":"https:\/\/consultingcya.com.ar\/pt\/wp-json\/wp\/v2\/media?parent=2165"}],"curies":[{"name":"wp","href":"https:\/\/api.w.org\/{rel}","templated":true}]}}