{"id":2177,"date":"2024-11-19T12:55:38","date_gmt":"2024-11-19T12:55:38","guid":{"rendered":"https:\/\/consultingcya.com.ar\/?page_id=2177"},"modified":"2026-04-19T00:53:54","modified_gmt":"2026-04-19T00:53:54","slug":"servicios-para-empresas-mineras","status":"publish","type":"page","link":"https:\/\/consultingcya.com.ar\/pt\/servicios-para-empresas-mineras\/","title":{"rendered":"Consultoria e Conformidade para Minera\u00e7\u00e3o na Am\u00e9rica Latina | C&amp;A Integral Consulting"},"content":{"rendered":"<div data-elementor-type=\"wp-page\" data-elementor-id=\"2177\" class=\"elementor elementor-2177\">\n\t\t\t\t\t\t<section class=\"elementor-section elementor-top-section elementor-element elementor-element-93cd7be elementor-section-boxed elementor-section-height-default elementor-section-height-default\" data-id=\"93cd7be\" data-element_type=\"section\">\n\t\t\t\t\t\t<div class=\"elementor-container elementor-column-gap-no\">\n\t\t\t\t\t<div class=\"elementor-column elementor-col-100 elementor-top-column elementor-element elementor-element-d92eaa0\" data-id=\"d92eaa0\" data-element_type=\"column\">\n\t\t\t<div class=\"elementor-widget-wrap elementor-element-populated\">\n\t\t\t\t\t\t<div class=\"elementor-element elementor-element-42f4fd5 elementor-widget elementor-widget-heading\" data-id=\"42f4fd5\" data-element_type=\"widget\" data-widget_type=\"heading.default\">\n\t\t\t\t<div class=\"elementor-widget-container\">\n\t\t\t\t\t<h2 class=\"elementor-heading-title elementor-size-default\">Solu\u00e7\u00f5es abrangentes para o setor de minera\u00e7\u00e3o<\/h2>\t\t\t\t<\/div>\n\t\t\t\t<\/div>\n\t\t\t\t<div class=\"elementor-element elementor-element-0e20bd2 elementor-widget elementor-widget-text-editor\" data-id=\"0e20bd2\" data-element_type=\"widget\" data-widget_type=\"text-editor.default\">\n\t\t\t\t<div class=\"elementor-widget-container\">\n\t\t\t\t\t\t\t\t\t<p><em>\u201cImpulsionando a efici\u00eancia e a conformidade na ind\u00fastria de minera\u00e7\u00e3o\u201d<\/em><\/p>\t\t\t\t\t\t\t\t<\/div>\n\t\t\t\t<\/div>\n\t\t\t\t<div class=\"elementor-element elementor-element-e482a4e elementor-widget elementor-widget-calfin_accordion\" data-id=\"e482a4e\" data-element_type=\"widget\" data-widget_type=\"calfin_accordion.default\">\n\t\t\t\t<div class=\"elementor-widget-container\">\n\t\t\t\t\t        <div class=\"calfin-accordion-wraper\">\r\n            <div class=\"accordion faq-accordion\" id=\"calfin-faq\">\r\n                            <div class=\"accordion-item\">\r\n                    <h2 class=\"accordion-header\" id=\"faq1\">\r\n                        <button class=\"accordion-button collapse\" type=\"button\" data-bs-toggle=\"collapse\" data-bs-target=\"#calfin-faq-item-23481\" aria-expanded=\"false\" aria-controls=\"calfin-faq-item-23481\">\r\n                            Auditoria e consultoria financeira                        <\/button>\r\n                    <\/h2>\r\n                    <div id=\"calfin-faq-item-23481\" class=\"accordion-collapse collapse show\"\" aria-labelledby=\"faq1\" data-bs-parent=\"#calfin-faq\">\r\n                    <div class=\"accordion-body\"><div>Garantimos que as demonstra\u00e7\u00f5es financeiras da sua empresa estejam em conformidade com as normas internacionais (IFRS) e locais (RT), fornecendo relat\u00f3rios transparentes que apoiam a tomada de decis\u00f5es estrat\u00e9gicas.<\/div><div>\u00a0<\/div><ul><li>Inclui:<\/li><li>\u2022Auditoria de Demonstra\u00e7\u00f5es Financeiras segundo as IFRS e RT.<\/li><li>\u2022 Avalia\u00e7\u00e3o dos controles internos para otimizar processos e reduzir custos.<\/li><li>\u2022Relat\u00f3rios financeiros para investidores e reguladores.<\/li><li>Consultoria e planejamento tribut\u00e1rio<\/li><li>Nossa equipe de consultores tribut\u00e1rios ajudar\u00e1 voc\u00ea a otimizar sua carga tribut\u00e1ria e garantir a conformidade com as regulamenta\u00e7\u00f5es fiscais locais e internacionais.<\/li><li>Inclui:<\/li><li>\u2022 Planejamento tribut\u00e1rio estrat\u00e9gico e consultoria sobre regulamenta\u00e7\u00f5es fiscais para o setor de minera\u00e7\u00e3o.<\/li><li>\u2022 Cumprimento da Lei de Procedimentos Tribut\u00e1rios e das normas locais.<\/li><li>\u2022Consultoria sobre regimes tribut\u00e1rios aplic\u00e1veis \u00e0 minera\u00e7\u00e3o e benef\u00edcios fiscais.<\/li><\/ul><\/div>\r\n                    <\/div>\r\n                <\/div>\r\n                                <div class=\"accordion-item\">\r\n                    <h2 class=\"accordion-header\" id=\"faq2\">\r\n                        <button class=\"accordion-button collapsed\" type=\"button\" data-bs-toggle=\"collapse\" data-bs-target=\"#calfin-faq-item-23482\" aria-expanded=\"false\" aria-controls=\"calfin-faq-item-23482\">\r\n                            Auditorias Especiais para o Setor Mineiro                        <\/button>\r\n                    <\/h2>\r\n                    <div id=\"calfin-faq-item-23482\" class=\"accordion-collapse collapse\"\" aria-labelledby=\"faq2\" data-bs-parent=\"#calfin-faq\">\r\n                    <div class=\"accordion-body\"><div>Oferecemos uma gama de auditorias especializadas, concebidas para abordar as \u00e1reas de maior risco e mais cr\u00edticas do setor mineiro. Estas auditorias est\u00e3o alinhadas com as normas nacionais e internacionais, garantindo qualidade e precis\u00e3o em cada relat\u00f3rio.<\/div><div>Inclui:<\/div><div>\u2022 Auditorias de Conformidade Regulat\u00f3ria: Avalia\u00e7\u00e3o da conformidade com as regulamenta\u00e7\u00f5es locais e internacionais aplic\u00e1veis ao setor de minera\u00e7\u00e3o, garantindo que a empresa cumpra os requisitos fiscais, cont\u00e1beis e de relat\u00f3rios financeiros.<\/div><div>\u2022 Auditorias Financeiras Espec\u00edficas: An\u00e1lise detalhada de transa\u00e7\u00f5es financeiras importantes, como projetos de investimento, financiamento de equipamentos e instala\u00e7\u00f5es e controle de estoques de materiais.<\/div><div>\u2022 Auditorias de Custos Operacionais: An\u00e1lise e controle dos custos associados \u00e0s opera\u00e7\u00f5es de minera\u00e7\u00e3o, identificando \u00e1reas de oportunidade para otimizar o uso de recursos e melhorar a efici\u00eancia operacional.<\/div><div>\u2022 Auditorias de Due Diligence: Realiza\u00e7\u00e3o de auditorias abrangentes para projetos de aquisi\u00e7\u00e3o, fus\u00e3o ou investimento no setor de minera\u00e7\u00e3o, garantindo uma revis\u00e3o completa dos ativos e passivos financeiros das entidades envolvidas.<\/div><\/div>\r\n                    <\/div>\r\n                <\/div>\r\n                                <div class=\"accordion-item\">\r\n                    <h2 class=\"accordion-header\" id=\"faq3\">\r\n                        <button class=\"accordion-button collapsed\" type=\"button\" data-bs-toggle=\"collapse\" data-bs-target=\"#calfin-faq-item-23483\" aria-expanded=\"false\" aria-controls=\"calfin-faq-item-23483\">\r\n                            Benef\u00edcios para sua empresa                        <\/button>\r\n                    <\/h2>\r\n                    <div id=\"calfin-faq-item-23483\" class=\"accordion-collapse collapse\"\" aria-labelledby=\"faq3\" data-bs-parent=\"#calfin-faq\">\r\n                    <div class=\"accordion-body\"><ul><li><p>Maior transpar\u00eancia e confian\u00e7a para investidores e acionistas.<\/p><\/li><li><p>Identificar \u00e1reas de melhoria no controle de custos e na gest\u00e3o de recursos.<\/p><\/li><li><p>Conformidade com as normas fiscais e cont\u00e1beis do setor de minera\u00e7\u00e3o.<\/p><\/li><\/ul><\/div>\r\n                    <\/div>\r\n                <\/div>\r\n                                <div class=\"accordion-item\">\r\n                    <h2 class=\"accordion-header\" id=\"faq4\">\r\n                        <button class=\"accordion-button collapsed\" type=\"button\" data-bs-toggle=\"collapse\" data-bs-target=\"#calfin-faq-item-23484\" aria-expanded=\"false\" aria-controls=\"calfin-faq-item-23484\">\r\n                            Gest\u00e3o de Riscos e Conformidade                        <\/button>\r\n                    <\/h2>\r\n                    <div id=\"calfin-faq-item-23484\" class=\"accordion-collapse collapse\"\" aria-labelledby=\"faq4\" data-bs-parent=\"#calfin-faq\">\r\n                    <div class=\"accordion-body\"><div>Identificamos riscos operacionais e financeiros em atividades de minera\u00e7\u00e3o, ajudando sua empresa a desenvolver estrat\u00e9gias de mitiga\u00e7\u00e3o e conformidade regulat\u00f3ria.<\/div><div>Inclui:<\/div><div>\u2022 Auditoria de conformidade dos processos financeiros e operacionais.<\/div><div>\u2022 Avalia\u00e7\u00e3o e mitiga\u00e7\u00e3o de riscos em \u00e1reas-chave (financeiras e operacionais).<\/div><div>\u2022 Implementa\u00e7\u00e3o de pol\u00edticas de conformidade para garantir o cumprimento das normas vigentes em mat\u00e9ria tribut\u00e1ria, cont\u00e1bil e de relat\u00f3rios.<\/div><\/div>\r\n                    <\/div>\r\n                <\/div>\r\n                                <div class=\"accordion-item\">\r\n                    <h2 class=\"accordion-header\" id=\"faq5\">\r\n                        <button class=\"accordion-button collapsed\" type=\"button\" data-bs-toggle=\"collapse\" data-bs-target=\"#calfin-faq-item-23485\" aria-expanded=\"false\" aria-controls=\"calfin-faq-item-23485\">\r\n                            Responsabilidade Social Corporativa (RSC)                        <\/button>\r\n                    <\/h2>\r\n                    <div id=\"calfin-faq-item-23485\" class=\"accordion-collapse collapse\"\" aria-labelledby=\"faq5\" data-bs-parent=\"#calfin-faq\">\r\n                    <div class=\"accordion-body\"><div>Assessoramos empresas de minera\u00e7\u00e3o na implementa\u00e7\u00e3o de pr\u00e1ticas de Responsabilidade Social Corporativa (RSC) que melhoram seu impacto social e ambiental.<\/div><div>Inclui:<\/div><ul><li>\u2022 Elabora\u00e7\u00e3o de estrat\u00e9gias de sustentabilidade financeira e operacional.<\/li><li>\u2022 Consultoria em rela\u00e7\u00f5es comunit\u00e1rias e gest\u00e3o de projetos de responsabilidade social.<\/li><li>\u2022Conformidade com os padr\u00f5es de sustentabilidade em linha com as melhores pr\u00e1ticas do setor.<\/li><\/ul><\/div>\r\n                    <\/div>\r\n                <\/div>\r\n                            <\/div>\r\n        <\/div>\r\n        \t\t\t\t<\/div>\n\t\t\t\t<\/div>\n\t\t\t\t<div class=\"elementor-element elementor-element-6a3640c elementor-widget elementor-widget-spacer\" data-id=\"6a3640c\" data-element_type=\"widget\" data-widget_type=\"spacer.default\">\n\t\t\t\t<div class=\"elementor-widget-container\">\n\t\t\t\t\t\t\t<div class=\"elementor-spacer\">\n\t\t\t<div class=\"elementor-spacer-inner\"><\/div>\n\t\t<\/div>\n\t\t\t\t\t\t<\/div>\n\t\t\t\t<\/div>\n\t\t\t\t<div class=\"elementor-element elementor-element-ed6732f elementor-widget elementor-widget-calfin_title\" data-id=\"ed6732f\" data-element_type=\"widget\" data-widget_type=\"calfin_title.default\">\n\t\t\t\t<div class=\"elementor-widget-container\">\n\t\t\t\t\t        <div class=\"calfin-section-title-wrapper\">\n            <div class=\"calfin_title_item\">\n                <div class=\"calfin-section-title\">\n                                        <h4 class=\"calfin-t-title\">\n                        Por que escolher a C&amp;A Integral Consulting?                        <span class=\"highlight-heading\"><\/span>\n                    <\/h4>\n                <\/div>\n                            <\/div>\n        <\/div>\n        \t\t\t\t<\/div>\n\t\t\t\t<\/div>\n\t\t\t\t<div class=\"elementor-element elementor-element-a3ca409 elementor-widget elementor-widget-text-editor\" data-id=\"a3ca409\" data-element_type=\"widget\" data-widget_type=\"text-editor.default\">\n\t\t\t\t<div class=\"elementor-widget-container\">\n\t\t\t\t\t\t\t\t\t<ul><li>\u2022 Abordagem personalizada e adapt\u00e1vel: Adaptamo-nos \u00e0s necessidades espec\u00edficas da ind\u00fastria mineira, desenvolvendo solu\u00e7\u00f5es sob medida que maximizam a efici\u00eancia e minimizam os riscos.<\/li><\/ul><ul><li>\u2022 Conformidade regulat\u00f3ria garantida: Garantimos que sua empresa esteja em conformidade com todas as normas tribut\u00e1rias, cont\u00e1beis e de relat\u00f3rios.<\/li><\/ul><ul><li>\u2022 Compromisso com a Transpar\u00eancia: Oferecemos auditorias independentes que refor\u00e7am a confiabilidade e a transpar\u00eancia da sua empresa.<\/li><\/ul><h6>\u00a0<\/h6><h6><em>Consultoria Integral C&amp;A:<\/em><\/h6><h6><em>Seu parceiro estrat\u00e9gico em minera\u00e7\u00e3o e conformidade.<\/em><\/h6>\t\t\t\t\t\t\t\t<\/div>\n\t\t\t\t<\/div>\n\t\t\t\t\t<\/div>\n\t\t<\/div>\n\t\t\t\t\t<\/div>\n\t\t<\/section>\n\t\t<div class=\"elementor-element elementor-element-d08868e e-flex e-con-boxed e-con e-parent\" data-id=\"d08868e\" data-element_type=\"container\">\n\t\t\t\t\t<div class=\"e-con-inner\">\n\t\t\t\t\t<\/div>\n\t\t\t\t<\/div>\n\t\t\t\t<\/div>","protected":false},"excerpt":{"rendered":"<p>Soluciones Integrales para el Sector Minero &#8220;Impulsando la eficiencia y el cumplimiento en la industria minera&#8221; Auditor\u00eda y consultor\u00eda financiera Aseguramos que los estados financieros de su empresa cumplan con las normativas internacionales (NIIF) y locales (RT), brindando informes transparentes que apoyen la toma de decisiones estrat\u00e9gicas.\u00a0 Incluye: \u2022Auditor\u00eda de Estados Financieros bajo NIIF y [&hellip;]<\/p>\n","protected":false},"author":1,"featured_media":0,"parent":0,"menu_order":0,"comment_status":"closed","ping_status":"closed","template":"blank-template.php","meta":{"_monsterinsights_skip_tracking":false,"_monsterinsights_sitenote_active":false,"_monsterinsights_sitenote_note":"","_monsterinsights_sitenote_category":0,"footnotes":""},"class_list":["post-2177","page","type-page","status-publish","hentry"],"aioseo_notices":[],"_links":{"self":[{"href":"https:\/\/consultingcya.com.ar\/pt\/wp-json\/wp\/v2\/pages\/2177","targetHints":{"allow":["GET"]}}],"collection":[{"href":"https:\/\/consultingcya.com.ar\/pt\/wp-json\/wp\/v2\/pages"}],"about":[{"href":"https:\/\/consultingcya.com.ar\/pt\/wp-json\/wp\/v2\/types\/page"}],"author":[{"embeddable":true,"href":"https:\/\/consultingcya.com.ar\/pt\/wp-json\/wp\/v2\/users\/1"}],"replies":[{"embeddable":true,"href":"https:\/\/consultingcya.com.ar\/pt\/wp-json\/wp\/v2\/comments?post=2177"}],"version-history":[{"count":44,"href":"https:\/\/consultingcya.com.ar\/pt\/wp-json\/wp\/v2\/pages\/2177\/revisions"}],"predecessor-version":[{"id":2693,"href":"https:\/\/consultingcya.com.ar\/pt\/wp-json\/wp\/v2\/pages\/2177\/revisions\/2693"}],"wp:attachment":[{"href":"https:\/\/consultingcya.com.ar\/pt\/wp-json\/wp\/v2\/media?parent=2177"}],"curies":[{"name":"wp","href":"https:\/\/api.w.org\/{rel}","templated":true}]}}