{"id":2540,"date":"2026-04-17T21:40:51","date_gmt":"2026-04-17T21:40:51","guid":{"rendered":"https:\/\/consultingcya.com.ar\/due-diligence\/"},"modified":"2026-04-18T17:40:36","modified_gmt":"2026-04-18T17:40:36","slug":"due-diligence","status":"publish","type":"page","link":"https:\/\/consultingcya.com.ar\/pt\/due-diligence\/","title":{"rendered":"Due Diligence e Fus\u00f5es e Aquisi\u00e7\u00f5es Transfronteiri\u00e7as | C&amp;A Integral Consulting"},"content":{"rendered":"<section class=\"cya-page\">\n<header class=\"cya-hero\">\n<h1>\n      <span class=\"t-es\">Due Diligence e Fus\u00f5es e Aquisi\u00e7\u00f5es Transfronteiri\u00e7as<\/span><br \/>\n      <span class=\"t-en\">Due Diligence e Fus\u00f5es e Aquisi\u00e7\u00f5es Transfronteiri\u00e7as<\/span><br \/>\n    <\/h1>\n<p class=\"cya-hero-sub\">\n      <span class=\"t-es\">An\u00e1lise de due diligence financeira, tribut\u00e1ria, jur\u00eddica, trabalhista, de TI e ESG para aquisi\u00e7\u00f5es, aliena\u00e7\u00f5es, joint ventures e capta\u00e7\u00e3o de recursos em \u00e2mbito nacional e internacional.<\/span><br \/>\n      <span class=\"t-en\">An\u00e1lise de due diligence financeira, tribut\u00e1ria, jur\u00eddica, trabalhista, de TI e ESG para aquisi\u00e7\u00f5es, aliena\u00e7\u00f5es, joint ventures e capta\u00e7\u00e3o de recursos em \u00e2mbito nacional e internacional.<\/span>\n    <\/p>\n<div class=\"cya-hero-ctas\">\n      <a href=\"https:\/\/wa.me\/+54 9 3872 57-1449?text=Hola%20C%26A%2C%20necesito%20un%20Due%20Diligence\" class=\"cya-btn cya-btn-primary cya-wa-link\" data-cya-wa=\"hero-dd\"><br \/>\n        <span class=\"t-es\">Solicite uma proposta<\/span><br \/>\n        <span class=\"t-en\">Solicitar proposta<\/span><br \/>\n      <\/a>\n    <\/div>\n<\/header>\n<div class=\"cya-trust-bar\">\n<div><strong>Comprar \u00b7 Vender \u00b7 Joint Venture<\/strong><span class=\"t-es\">Todos os lados do acordo<\/span><span class=\"t-en\">Todos os lados do acordo<\/span><\/div>\n<div><strong>2 a 6 semanas<\/strong><span class=\"t-es\">Tempo de resposta t\u00edpico<\/span><span class=\"t-en\">Tempo de resposta t\u00edpico<\/span><\/div>\n<div><strong>Relat\u00f3rios VDD<\/strong><span class=\"t-es\">Due Diligence do Fornecedor<\/span><span class=\"t-en\">Due Diligence do Fornecedor<\/span><\/div>\n<div><strong>ES \/ EN<\/strong><span class=\"t-es\">Relat\u00f3rios bil\u00edngues<\/span><span class=\"t-en\">Relat\u00f3rios bil\u00edngues<\/span><\/div>\n<\/p><\/div>\n<section class=\"cya-block\">\n<h2><span class=\"t-es\">Tipos de Due Diligence<\/span><span class=\"t-en\">Tipos de Due Diligence<\/span><\/h2>\n<div class=\"servicios-grid\">\n<article class=\"servicio-card\">\n<h3>Due Diligence Financeira<\/h3>\n<p><span class=\"t-es\">Qualidade dos resultados (QoE), normaliza\u00e7\u00e3o do EBITDA, d\u00edvida l\u00edquida e capital de giro.<\/span><span class=\"t-en\">Qualidade dos Lucros (QoE), normaliza\u00e7\u00e3o do EBITDA, d\u00edvida l\u00edquida e capital de giro.<\/span><\/p>\n<\/article>\n<article class=\"servicio-card\">\n<h3>Imposto DD<\/h3>\n<p><span class=\"t-es\">Riscos fiscais hist\u00f3ricos e futuros, conting\u00eancias, pre\u00e7os de transfer\u00eancia e estrutura\u00e7\u00e3o.<\/span><span class=\"t-en\">Riscos fiscais hist\u00f3ricos e futuros, conting\u00eancias, pre\u00e7os de transfer\u00eancia e estrutura\u00e7\u00e3o.<\/span><\/p>\n<\/article>\n<article class=\"servicio-card\">\n<h3>DD legal<\/h3>\n<p><span class=\"t-es\">Empresas, contratos, lit\u00edgios, propriedade intelectual, licenciamento e quest\u00f5es regulat\u00f3rias.<\/span><span class=\"t-en\">Direito societ\u00e1rio, contratos, lit\u00edgios, propriedade intelectual, licen\u00e7as e regulamenta\u00e7\u00e3o.<\/span><\/p>\n<\/article>\n<article class=\"servicio-card\">\n<h3>Trabalho DD<\/h3>\n<p><span class=\"t-es\">Responsabilidades trabalhistas, conven\u00e7\u00f5es coletivas, planos de remunera\u00e7\u00e3o e lit\u00edgios.<\/span><span class=\"t-en\">Responsabilidades trabalhistas, negocia\u00e7\u00e3o coletiva, planos de remunera\u00e7\u00e3o e lit\u00edgios.<\/span><\/p>\n<\/article>\n<article class=\"servicio-card\">\n<h3>Conformidade DD<\/h3>\n<p><span class=\"t-es\">AML\/CFT, FCPA\/UKBA anticorrup\u00e7\u00e3o, san\u00e7\u00f5es do OFAC e conduta \u00e9tica.<\/span><span class=\"t-en\">AML\/CFT, combate \u00e0 corrup\u00e7\u00e3o FCPA\/UKBA, san\u00e7\u00f5es OFAC e \u00e9tica.<\/span><\/p>\n<\/article>\n<article class=\"servicio-card\">\n<h3>TI \/ Ciberseguran\u00e7a<\/h3>\n<p><span class=\"t-es\">Arquitetura, ciberseguran\u00e7a, privacidade de dados (RGPD, LGPD) e d\u00edvida t\u00e9cnica.<\/span><span class=\"t-en\">Arquitetura, ciberseguran\u00e7a, privacidade de dados (RGPD, LGPD) e d\u00edvida t\u00e9cnica.<\/span><\/p>\n<\/article>\n<article class=\"servicio-card\">\n<h3>ESG DD<\/h3>\n<p><span class=\"t-es\">Riscos ambientais, sociais e de governan\u00e7a alinhados com GRI \/ SASB \/ TCFD.<\/span><span class=\"t-en\">Riscos ambientais, sociais e de governan\u00e7a alinhados com GRI \/ SASB \/ TCFD.<\/span><\/p>\n<\/article>\n<article class=\"servicio-card\">\n<h3>DD operacional<\/h3>\n<p><span class=\"t-es\">Cadeia de suprimentos, KPIs industriais, sinergias e plano de 100 dias.<\/span><span class=\"t-en\">Cadeia de suprimentos, KPIs industriais, sinergias e plano de 100 dias.<\/span><\/p>\n<\/article><\/div>\n<\/section>\n<section class=\"cya-block\">\n<h2><span class=\"t-es\">Nossa abordagem<\/span><span class=\"t-en\">Nossa abordagem<\/span><\/h2>\n<ol class=\"proceso-steps\">\n<li><strong><span class=\"t-es\">1. Defini\u00e7\u00e3o do Escopo<\/span><span class=\"t-en\">1. Defini\u00e7\u00e3o do Escopo<\/span><\/strong>\n<p><span class=\"t-es\">Defini\u00e7\u00e3o de escopo, materialidade e equipe por fluxo de trabalho.<\/span><span class=\"t-en\">Escopo, materialidade e equipe por fluxo de trabalho.<\/span><\/p>\n<\/li>\n<li><strong><span class=\"t-es\">2. Lista de pedidos<\/span><span class=\"t-en\">2. Lista de pedidos<\/span><\/strong>\n<p><span class=\"t-es\">Lista de verifica\u00e7\u00e3o bil\u00edngue e sala de dados virtual.<\/span><span class=\"t-en\">Lista de verifica\u00e7\u00e3o bil\u00edngue e sala de dados virtual.<\/span><\/p>\n<\/li>\n<li><strong><span class=\"t-es\">3. An\u00e1lise<\/span><span class=\"t-en\">3. An\u00e1lise<\/span><\/strong>\n<p><span class=\"t-es\">Sess\u00e3o de perguntas e respostas com a ger\u00eancia, entrevistas importantes e an\u00e1lise de dados.<\/span><span class=\"t-en\">Sess\u00e3o de perguntas e respostas com a ger\u00eancia, entrevistas importantes e an\u00e1lise de dados.<\/span><\/p>\n<\/li>\n<li><strong><span class=\"t-es\">4. Sinais de alerta e fatores decisivos<\/span><span class=\"t-en\">4. Sinais de alerta e fatores decisivos<\/span><\/strong>\n<p><span class=\"t-es\">Relat\u00f3rio preliminar ao comit\u00ea e ajustes\/garantias de pre\u00e7os.<\/span><span class=\"t-en\">Relat\u00f3rio preliminar para o comit\u00ea de negocia\u00e7\u00e3o e ajustes de pre\u00e7o\/garantias.<\/span><\/p>\n<\/li>\n<li><strong><span class=\"t-es\">5. Relat\u00f3rio Final e Contribui\u00e7\u00f5es para o SPA<\/span><span class=\"t-en\">5. Relat\u00f3rio final e contribui\u00e7\u00f5es para o SPA<\/span><\/strong>\n<p><span class=\"t-es\">Relat\u00f3rio executivo e anexos, contribui\u00e7\u00f5es para o SPA e plano de integra\u00e7\u00e3o.<\/span><span class=\"t-en\">Relat\u00f3rio executivo e anexos, contribui\u00e7\u00f5es da SPA e plano de integra\u00e7\u00e3o.<\/span><\/p>\n<\/li>\n<\/ol>\n<\/section>\n<section class=\"cya-block\">\n<h2><span class=\"t-es\">Setores com fluxo ativo de neg\u00f3cios<\/span><span class=\"t-en\">Setores com fluxo ativo de neg\u00f3cios<\/span><\/h2>\n<div class=\"obligados-grid\">\n<div class=\"obligado-card\"><strong>Energia renov\u00e1vel<\/strong><span>Energia solar \u00b7 Energia e\u00f3lica \u00b7 Hidrog\u00eanio<\/span><\/div>\n<div class=\"obligado-card\"><strong>L\u00edtio \u00b7 Minera\u00e7\u00e3o<\/strong><span>Am\u00e9rica Latina<\/span><\/div>\n<div class=\"obligado-card\"><strong>Agroind\u00fastria<\/strong><span>Gr\u00e3os, carne, vinhos<\/span><\/div>\n<div class=\"obligado-card\"><strong>Fintech \/ SaaS<\/strong><span>S\u00e9rie AC<\/span><\/div>\n<div class=\"obligado-card\"><strong>Assist\u00eancia m\u00e9dica<\/strong><span>Cl\u00ednicas, diagn\u00f3stico<\/span><\/div>\n<div class=\"obligado-card\"><strong>Consumo\/Varejo<\/strong><span>Marcas regionais<\/span><\/div>\n<\/p><\/div>\n<\/section>\n<section class=\"cya-block cya-cta-final\">\n<h2><span class=\"t-es\">Feche seu pr\u00f3ximo neg\u00f3cio com confian\u00e7a.<\/span><span class=\"t-en\">Feche seu pr\u00f3ximo neg\u00f3cio com confian\u00e7a.<\/span><\/h2>\n<p>    <a href=\"https:\/\/wa.me\/+54 9 3872 57-1449?text=Hola%20C%26A%2C%20necesito%20una%20propuesta%20de%20DD\" class=\"cya-btn cya-btn-primary cya-wa-link\" data-cya-wa=\"cta-final-dd\"><br \/>\n      <span class=\"t-es\">Solicite uma proposta<\/span><br \/>\n      <span class=\"t-en\">Solicitar proposta<\/span><br \/>\n    <\/a><br \/>\n  <\/section>\n<\/section>","protected":false},"excerpt":{"rendered":"<p>Due Diligence &amp; M&amp;A Cross-Border Due Diligence &amp; Cross-Border M&amp;A Financial, Tax, Legal, Labor, IT y ESG Due Diligence para adquisiciones, desinversiones, joint ventures y levantamientos de capital a nivel nacional e internacional. Financial, Tax, Legal, Labor, IT and ESG Due Diligence for acquisitions, divestitures, joint ventures and capital raises at national and international level. [&hellip;]<\/p>\n","protected":false},"author":1,"featured_media":0,"parent":0,"menu_order":0,"comment_status":"closed","ping_status":"closed","template":"","meta":{"_monsterinsights_skip_tracking":false,"_monsterinsights_sitenote_active":false,"_monsterinsights_sitenote_note":"","_monsterinsights_sitenote_category":0,"footnotes":""},"class_list":["post-2540","page","type-page","status-publish","hentry"],"aioseo_notices":[],"_links":{"self":[{"href":"https:\/\/consultingcya.com.ar\/pt\/wp-json\/wp\/v2\/pages\/2540","targetHints":{"allow":["GET"]}}],"collection":[{"href":"https:\/\/consultingcya.com.ar\/pt\/wp-json\/wp\/v2\/pages"}],"about":[{"href":"https:\/\/consultingcya.com.ar\/pt\/wp-json\/wp\/v2\/types\/page"}],"author":[{"embeddable":true,"href":"https:\/\/consultingcya.com.ar\/pt\/wp-json\/wp\/v2\/users\/1"}],"replies":[{"embeddable":true,"href":"https:\/\/consultingcya.com.ar\/pt\/wp-json\/wp\/v2\/comments?post=2540"}],"version-history":[{"count":1,"href":"https:\/\/consultingcya.com.ar\/pt\/wp-json\/wp\/v2\/pages\/2540\/revisions"}],"predecessor-version":[{"id":2604,"href":"https:\/\/consultingcya.com.ar\/pt\/wp-json\/wp\/v2\/pages\/2540\/revisions\/2604"}],"wp:attachment":[{"href":"https:\/\/consultingcya.com.ar\/pt\/wp-json\/wp\/v2\/media?parent=2540"}],"curies":[{"name":"wp","href":"https:\/\/api.w.org\/{rel}","templated":true}]}}