{"id":2541,"date":"2026-04-17T21:41:31","date_gmt":"2026-04-17T21:41:31","guid":{"rendered":"https:\/\/consultingcya.com.ar\/auditoria-forense\/"},"modified":"2026-04-17T22:48:05","modified_gmt":"2026-04-17T22:48:05","slug":"auditoria-forense","status":"publish","type":"page","link":"https:\/\/consultingcya.com.ar\/pt\/auditoria-forense\/","title":{"rendered":"Auditor\u00eda Forense &#038; Investigaciones | C&#038;A Integral Consulting"},"content":{"rendered":"<p><meta name=\"robots\" content=\"noindex,follow\" \/>\n<link rel=\"canonical\" href=\"https:\/\/consultingcya.com.ar\/auditoria-forense-y-resolucion-de-disputas\/\" \/>\n<meta http-equiv=\"refresh\" content=\"0; url=https:\/\/consultingcya.com.ar\/auditoria-forense-y-resolucion-de-disputas\/\" \/><\/p>\n<section style=\"text-align:center;padding:80px 20px;font-family:system-ui,sans-serif;\">\n<h1>Esta p\u00e1gina se consolid\u00f3<\/h1>\n<p>Ahora encontr\u00e1s este servicio en <strong>Auditoria Forense<\/strong>.<\/p>\n<p><a href=\"\/pt\/auditoria-forense-y-resolucion-de-disputas\/\" style=\"display:inline-block;padding:14px 28px;background:#0d3b5f;color:#fff;text-decoration:none;border-radius:6px;font-weight:600;\">Ir a Auditor\u00eda Forense<\/a><\/p>\n<\/section>\n<p><script>try{window.location.replace(\"\/auditoria-forense-y-resolucion-de-disputas\/\");}catch(e){}<\/script><\/p>","protected":false},"excerpt":{"rendered":"<p>Esta p\u00e1gina se consolid\u00f3 Ahora encontr\u00e1s este servicio en Auditor\u00eda Forense. Ir a Auditor\u00eda Forense<\/p>","protected":false},"author":1,"featured_media":0,"parent":0,"menu_order":0,"comment_status":"closed","ping_status":"closed","template":"","meta":{"_monsterinsights_skip_tracking":false,"_monsterinsights_sitenote_active":false,"_monsterinsights_sitenote_note":"","_monsterinsights_sitenote_category":0,"footnotes":""},"class_list":["post-2541","page","type-page","status-publish","hentry"],"aioseo_notices":[],"_links":{"self":[{"href":"https:\/\/consultingcya.com.ar\/pt\/wp-json\/wp\/v2\/pages\/2541","targetHints":{"allow":["GET"]}}],"collection":[{"href":"https:\/\/consultingcya.com.ar\/pt\/wp-json\/wp\/v2\/pages"}],"about":[{"href":"https:\/\/consultingcya.com.ar\/pt\/wp-json\/wp\/v2\/types\/page"}],"author":[{"embeddable":true,"href":"https:\/\/consultingcya.com.ar\/pt\/wp-json\/wp\/v2\/users\/1"}],"replies":[{"embeddable":true,"href":"https:\/\/consultingcya.com.ar\/pt\/wp-json\/wp\/v2\/comments?post=2541"}],"version-history":[{"count":2,"href":"https:\/\/consultingcya.com.ar\/pt\/wp-json\/wp\/v2\/pages\/2541\/revisions"}],"predecessor-version":[{"id":2589,"href":"https:\/\/consultingcya.com.ar\/pt\/wp-json\/wp\/v2\/pages\/2541\/revisions\/2589"}],"wp:attachment":[{"href":"https:\/\/consultingcya.com.ar\/pt\/wp-json\/wp\/v2\/media?parent=2541"}],"curies":[{"name":"wp","href":"https:\/\/api.w.org\/{rel}","templated":true}]}}